{"id":34462,"date":"2025-02-13T18:28:15","date_gmt":"2025-02-13T18:28:15","guid":{"rendered":"https:\/\/www.valentine-ramette.com\/?page_id=34462"},"modified":"2025-10-17T06:36:25","modified_gmt":"2025-10-17T06:36:25","slug":"34462-2","status":"publish","type":"page","link":"https:\/\/www.valentine-ramette.com\/?page_id=34462","title":{"rendered":"Portrait"},"content":{"rendered":"<p>[et_pb_section fb_built=\u00a0\u00bb1&Prime; _builder_version=\u00a0\u00bb4.27.4&Prime; _module_preset=\u00a0\u00bbdefault\u00a0\u00bb custom_margin_tablet=\u00a0\u00bb\u00a0\u00bb custom_margin_phone=\u00a0\u00bb||-30px||false|false\u00a0\u00bb custom_margin_last_edited=\u00a0\u00bbon|phone\u00a0\u00bb custom_padding=\u00a0\u00bb90px|||||\u00a0\u00bb global_colors_info=\u00a0\u00bb{}\u00a0\u00bb][et_pb_row column_structure=\u00a0\u00bb1_2,1_2&Prime; _builder_version=\u00a0\u00bb4.27.4&Prime; _module_preset=\u00a0\u00bbdefault\u00a0\u00bb width=\u00a0\u00bb95%\u00a0\u00bb max_width=\u00a0\u00bb95%\u00a0\u00bb custom_padding=\u00a0\u00bb4px|||||\u00a0\u00bb global_colors_info=\u00a0\u00bb{}\u00a0\u00bb][et_pb_column type=\u00a0\u00bb1_2&Prime; _builder_version=\u00a0\u00bb4.27.4&Prime; _module_preset=\u00a0\u00bbdefault\u00a0\u00bb global_colors_info=\u00a0\u00bb{}\u00a0\u00bb][et_pb_image src=\u00a0\u00bbhttps:\/\/www.valentine-ramette.com\/wp-content\/uploads\/2025\/02\/Maquette-web_portrait-scaled.jpg\u00a0\u00bb title_text=\u00a0\u00bbMaquette-web_portrait\u00a0\u00bb _builder_version=\u00a0\u00bb4.27.4&Prime; _module_preset=\u00a0\u00bbdefault\u00a0\u00bb width=\u00a0\u00bb64%\u00a0\u00bb module_alignment=\u00a0\u00bbright\u00a0\u00bb custom_margin=\u00a0\u00bb-30px||||false|false\u00a0\u00bb custom_margin_tablet=\u00a0\u00bb-30px||||false|false\u00a0\u00bb custom_margin_phone=\u00a0\u00bb-55px||||false|false\u00a0\u00bb custom_margin_last_edited=\u00a0\u00bbon|desktop\u00a0\u00bb global_colors_info=\u00a0\u00bb{}\u00a0\u00bb][\/et_pb_image][\/et_pb_column][et_pb_column type=\u00a0\u00bb1_2&Prime; _builder_version=\u00a0\u00bb4.27.4&Prime; _module_preset=\u00a0\u00bbdefault\u00a0\u00bb global_colors_info=\u00a0\u00bb{}\u00a0\u00bb][et_pb_text _builder_version=\u00a0\u00bb4.27.4&Prime; _module_preset=\u00a0\u00bbdefault\u00a0\u00bb text_font=\u00a0\u00bbAcumin Pro Cond Black||||||||\u00a0\u00bb text_text_color=\u00a0\u00bb#000000&Prime; text_font_size=\u00a0\u00bb55px\u00a0\u00bb custom_margin=\u00a0\u00bb-15px|0px||-40px|false|false\u00a0\u00bb custom_margin_tablet=\u00a0\u00bb13px|0px||-40px|false|false\u00a0\u00bb custom_margin_phone=\u00a0\u00bb|||0px|false|false\u00a0\u00bb custom_margin_last_edited=\u00a0\u00bbon|phone\u00a0\u00bb hover_enabled=\u00a0\u00bb0&Prime; global_colors_info=\u00a0\u00bb{}\u00a0\u00bb sticky_enabled=\u00a0\u00bb0&Prime;]<\/p>\n<p>Valentine.<\/p>\n<p>[\/et_pb_text][et_pb_text _builder_version=\u00a0\u00bb4.27.4&Prime; _module_preset=\u00a0\u00bbdefault\u00a0\u00bb text_font=\u00a0\u00bbsemi blod||||||||\u00a0\u00bb text_text_color=\u00a0\u00bb#000000&Prime; text_font_size=\u00a0\u00bb20px\u00a0\u00bb custom_margin=\u00a0\u00bb-14px|||-40px|false|false\u00a0\u00bb custom_margin_tablet=\u00a0\u00bb-14px|||-40px|false|false\u00a0\u00bb custom_margin_phone=\u00a0\u00bb-14px|||0px|false|false\u00a0\u00bb custom_margin_last_edited=\u00a0\u00bbon|phone\u00a0\u00bb text_font_size_tablet=\u00a0\u00bb20px\u00a0\u00bb text_font_size_phone=\u00a0\u00bb18px\u00a0\u00bb text_font_size_last_edited=\u00a0\u00bbon|phone\u00a0\u00bb text_line_height_tablet=\u00a0\u00bb\u00a0\u00bb text_line_height_phone=\u00a0\u00bb1.3em\u00a0\u00bb text_line_height_last_edited=\u00a0\u00bbon|phone\u00a0\u00bb global_colors_info=\u00a0\u00bb{}\u00a0\u00bb]<\/p>\n<p>Cr\u00e9er, raconter, imaginer :<br \/>voil\u00e0 ce qui me motive chaque jour.<\/p>\n<p>[\/et_pb_text][et_pb_text _builder_version=\u00a0\u00bb4.27.4&Prime; _module_preset=\u00a0\u00bbdefault\u00a0\u00bb text_font=\u00a0\u00bbAcumin cond Extra Light||||||||\u00a0\u00bb text_text_color=\u00a0\u00bb#000000&Prime; text_font_size=\u00a0\u00bb16px\u00a0\u00bb custom_margin=\u00a0\u00bb0px|347px||-41px|false|false\u00a0\u00bb custom_margin_tablet=\u00a0\u00bb0px|347px||-41px|false|false\u00a0\u00bb custom_margin_phone=\u00a0\u00bb|0px||0px|false|false\u00a0\u00bb custom_margin_last_edited=\u00a0\u00bbon|phone\u00a0\u00bb text_font_size_tablet=\u00a0\u00bb18px\u00a0\u00bb text_font_size_phone=\u00a0\u00bb12px\u00a0\u00bb text_font_size_last_edited=\u00a0\u00bbon|phone\u00a0\u00bb text_line_height_tablet=\u00a0\u00bb\u00a0\u00bb text_line_height_phone=\u00a0\u00bb1.3em\u00a0\u00bb text_line_height_last_edited=\u00a0\u00bbon|phone\u00a0\u00bb global_colors_info=\u00a0\u00bb{}\u00a0\u00bb]<\/p>\n<p>Form\u00e9 au design d\u2019espace \u00e0 l\u2019\u00e9cole Boulle \u00e0 Paris, j\u2019ai pass\u00e9 plus de 13 ans \u00e0 me perfectionner en tant que design directeur chez Malherbe Paris, une agence renomm\u00e9e sp\u00e9cialis\u00e9e dans le retail. L\u00e0-bas, j\u2019ai d\u00e9velopp\u00e9 un sens aigu du d\u00e9tail : ce petit \u00e9l\u00e9ment invisible pour beaucoup, mais qui change tout.<\/p>\n<p>Avant de concevoir un espace ou une identit\u00e9 graphique, je commence par ce que je pr\u00e9f\u00e8re : dessiner. Le crayon, pour moi, est bien plus qu\u2019un outil ; c\u2019est un moyen d\u2019exprimer des id\u00e9es, de raconter des histoires. Parce qu\u2019au-del\u00e0 du design, ce qui m\u2019anime, c\u2019est le storytelling : imaginer des univers coh\u00e9rents, captivants, et toujours pens\u00e9s pour satisfaire pleinement les attentes de mes clients.<\/p>\n<p>Mon approche ? Un design minimaliste, clair et \u00e9pur\u00e9, enrichi d\u2019un twist fun qui fait la diff\u00e9rence. Pour accompagner les marques encore plus efficacement, j\u2019ai repris des \u00e9tudes en marketing et communication. Cela m\u2019a permis d\u2019\u00e9largir mes comp\u00e9tences et de comprendre, encore mieux, les besoins des entreprises et de leurs publics.<\/p>\n<p>Aujourd\u2019hui, \u00e0 travers ce site, je souhaite partager mes r\u00e9alisations en architecture retail, graphisme et direction artistique. Que vous soyez une marque, un collaborateur potentiel ou un recruteur, mon objectif est simple : vous inspirer, vous convaincre, et, surtout, vous donner envie de travailler ensemble.<\/p>\n<p>[\/et_pb_text][\/et_pb_column][\/et_pb_row][\/et_pb_section]<\/p>\n","protected":false},"excerpt":{"rendered":"<p>Valentine.Cr\u00e9er, raconter, imaginer :voil\u00e0 ce qui me motive chaque jour.Form\u00e9 au design d\u2019espace \u00e0 l\u2019\u00e9cole Boulle \u00e0 Paris, j\u2019ai pass\u00e9 plus de 13 ans \u00e0 me perfectionner en tant que design directeur chez Malherbe Paris, une agence renomm\u00e9e sp\u00e9cialis\u00e9e dans le retail. L\u00e0-bas, j\u2019ai d\u00e9velopp\u00e9 un sens aigu du d\u00e9tail : ce petit \u00e9l\u00e9ment invisible [&hellip;]<\/p>\n","protected":false},"author":2,"featured_media":0,"parent":0,"menu_order":0,"comment_status":"closed","ping_status":"closed","template":"","meta":{"_et_pb_use_builder":"on","_et_pb_old_content":"","_et_gb_content_width":"","footnotes":""},"class_list":["post-34462","page","type-page","status-publish","hentry"],"_links":{"self":[{"href":"https:\/\/www.valentine-ramette.com\/index.php?rest_route=\/wp\/v2\/pages\/34462","targetHints":{"allow":["GET"]}}],"collection":[{"href":"https:\/\/www.valentine-ramette.com\/index.php?rest_route=\/wp\/v2\/pages"}],"about":[{"href":"https:\/\/www.valentine-ramette.com\/index.php?rest_route=\/wp\/v2\/types\/page"}],"author":[{"embeddable":true,"href":"https:\/\/www.valentine-ramette.com\/index.php?rest_route=\/wp\/v2\/users\/2"}],"replies":[{"embeddable":true,"href":"https:\/\/www.valentine-ramette.com\/index.php?rest_route=%2Fwp%2Fv2%2Fcomments&post=34462"}],"version-history":[{"count":24,"href":"https:\/\/www.valentine-ramette.com\/index.php?rest_route=\/wp\/v2\/pages\/34462\/revisions"}],"predecessor-version":[{"id":35752,"href":"https:\/\/www.valentine-ramette.com\/index.php?rest_route=\/wp\/v2\/pages\/34462\/revisions\/35752"}],"wp:attachment":[{"href":"https:\/\/www.valentine-ramette.com\/index.php?rest_route=%2Fwp%2Fv2%2Fmedia&parent=34462"}],"curies":[{"name":"wp","href":"https:\/\/api.w.org\/{rel}","templated":true}]}}